{"id":16,"date":"2022-11-07T16:41:13","date_gmt":"2022-11-07T16:41:13","guid":{"rendered":"https:\/\/www.institutoconcora.com\/web\/?page_id=16"},"modified":"2023-04-27T11:37:38","modified_gmt":"2023-04-27T10:37:38","slug":"aviso-legal","status":"publish","type":"page","link":"https:\/\/www.institutoconcora.com\/ca\/aviso-legal\/","title":{"rendered":"Av\u00eds Legal"},"content":{"rendered":"<p>INSTITUTO CONCORA, S.L., provista de CIF B-09808510, act\u00faa como titular, dinamizador y gestor de contenidos de la presente web. La entidad informa a los Usuarios que cumple con la vigente normativa de protecci\u00f3n de datos, y con car\u00e1cter especial, con el Reglamento (UE) 2016\/679 del Parlamento Europeo y del Consejo de 27 de abril de 2016 relativo a la protecci\u00f3n de las personas f\u00edsicas en lo que respecta al tratamiento de datos personales y a la libre circulaci\u00f3n de estos datos y por el que se deroga la Directiva 95\/46\/CE (Reglamento general de protecci\u00f3n de datos), la Ley Org\u00e1nica 3\/2018 de 5 de diciembre, de Protecci\u00f3n de Datos Personales y garant\u00eda de los derechos digitales y con la Ley de la Sociedad de Servicios de la Informaci\u00f3n y Comercio Electr\u00f3nico, Ley 34\/2002, de 11 de julio.<\/p>\n<table style=\"margin: 2em auto; border: 1px solid #eaeaea;\" cellspacing=\"0\" cellpadding=\"0\">\n<tbody>\n<tr bgcolor=\"#b9dfca\">\n<td valign=\"top\"><b>Raz\u00f3n Social o Nombre de la Empresa<\/b><\/td>\n<td valign=\"top\"><b>CIF<\/b><\/td>\n<\/tr>\n<tr>\n<td valign=\"top\">INSTITUTO CONCORA, S.L.<\/td>\n<td valign=\"top\">B-09808510<\/td>\n<\/tr>\n<tr bgcolor=\"#b9dfca\">\n<td colspan=\"2\" valign=\"top\"><b>Direcci\u00f3n:<\/b><\/td>\n<\/tr>\n<tr>\n<td colspan=\"2\" valign=\"top\">Plaza Matute n\u00ba 7, 2\u00ba 2\u00aa<\/td>\n<\/tr>\n<tr bgcolor=\"#b9dfca\">\n<td valign=\"top\"><b>Poblaci\u00f3n:<\/b><\/td>\n<td valign=\"top\"><b>C\u00f3digo Postal:<\/b><\/td>\n<\/tr>\n<tr>\n<td valign=\"top\">Madrid<\/td>\n<td valign=\"top\">28012<\/td>\n<\/tr>\n<tr bgcolor=\"#b9dfca\">\n<td colspan=\"2\" valign=\"top\"><b>N\u00ba Registro<\/b><\/td>\n<\/tr>\n<tr>\n<td colspan=\"2\" valign=\"top\">Registro Mercantil de Madrid, Tomo 43169, Folio 11, Inscripci\u00f3n 1\u00aa, 165\/1187, Hoja M-762813<\/td>\n<\/tr>\n<\/tbody>\n<\/table>\n<h6>1. CONCEPTO DE USUARIO<\/h6>\n<p>La utilizaci\u00f3n de la web (incluida su \u00e1rea privada) atribuye la condici\u00f3n de Usuario, e implica la aceptaci\u00f3n plena y sin reservas de todas y cada una de las disposiciones incluidas en este Aviso Legal y en las Pol\u00edticas de Privacidad en la versi\u00f3n publicada por INSTITUTO CONCORA, S.L. en el mismo momento en que el Usuario acceda a la web. En consecuencia, el Usuario debe leer atentamente el presente Aviso Legal y las Pol\u00edticas de Privacidad en cada una de las ocasiones en que se proponga utilizar la web, puesto que puede tener modificaciones.<\/p>\n<h6>2. INFORMACI\u00d3N SOBRE LOS LINKS<\/h6>\n<p>INSTITUTO CONCORA, S.L no se hace responsable de las webs no propias a las que se puede acceder mediante v\u00ednculos &#8220;links&#8221; o de cualquier contenido puesto a disposici\u00f3n por terceros.<\/p>\n<p>Cualquier uso de un v\u00ednculo o acceso a una web no propia es realizado por voluntad y riesgo exclusivo del usuario e INSTITUTO CONCORA, S.L no recomienda ni garantiza ninguna informaci\u00f3n obtenida a trav\u00e9s de un v\u00ednculo ajeno a la web de INSTITUTO CONCORA, S.L. ni se responsabiliza de ninguna p\u00e9rdida, reclamaci\u00f3n o perjuicio derivada del uso o mal uso de un v\u00ednculo, o de la informaci\u00f3n obtenida a trav\u00e9s de \u00e9l, incluyendo otros v\u00ednculos o webs, de la interrupci\u00f3n en el servicio o en el acceso, o del intento de usar o usar mal un v\u00ednculo, tanto al conectarse a la web de INSTITUTO CONCORA, S.L como al acceder a la informaci\u00f3n de otras webs desde la web de INSTITUTO CONCORA, S.L.<\/p>\n<h6>3. V\u00cdNCULOS O ENLACES DESDE OTRAS WEBS EXTERNAS<\/h6>\n<p>Se proh\u00edbe expresamente establecer v\u00ednculos desde p\u00e1ginas que contengan manifestaciones o propaganda de car\u00e1cter racista, xen\u00f3fobo, pornogr\u00e1fico, de apolog\u00eda del terrorismo, en contra de los Derechos Humanos o cualquier otro de car\u00e1cter il\u00edcito o contrario a la moral y al orden p\u00fablico. En ning\u00fan caso se podr\u00e1 dar a entender, ni declarar que, INSTITUTO CONCORA, S.L., interviene, avala, promociona, participa o ha supervisado en forma alguna los contenidos de la p\u00e1gina donde figure el enlace, ni tan s\u00f3lo que consienta su incursi\u00f3n, excepto autorizaci\u00f3n expresa.<\/p>\n<h6>4. POLITICA DE PRIVACIDAD<\/h6>\n<p>INSTITUTO CONCORA, S.L., provista de CIF B-09808510, act\u00faa como titular, dinamizador y gestor de contenidos de la presente web. La entidad informa a los Usuarios que cumple con la vigente normativa de protecci\u00f3n de datos, y con car\u00e1cter especial, con el Reglamento (UE) 2016\/679 del Parlamento Europeo y del Consejo de 27 de abril de 2016 relativo a la protecci\u00f3n de las personas f\u00edsicas en lo que respecta al tratamiento de datos personales y a la libre circulaci\u00f3n de estos datos y por el que se deroga la Directiva 95\/46\/CE (Reglamento general de protecci\u00f3n de datos), la Ley Org\u00e1nica 3\/2018 de 5 de diciembre, de Protecci\u00f3n de Datos Personales y garant\u00eda de los derechos digitales y con la Ley de la Sociedad de Servicios de la Informaci\u00f3n y Comercio Electr\u00f3nico, Ley 34\/2002, de 11 de julio.<\/p>\n<p>En virtud de esta normativa se informa que los datos facilitados por el Usuario a trav\u00e9s de los formularios de la web (incluida el \u00c1rea Privada), ser\u00e1n tratados por INSTITUTO CONCORA, S.L. en calidad de Responsable del Tratamiento con la finalidad de atender la relaci\u00f3n establecida entre las partes y amparada por la normativa en especial en materia de Protecci\u00f3n de Datos Personales y dem\u00e1s legislaci\u00f3n conexa. Los datos son confidenciales y su uso responde a los fines legalmente establecidos en cada momento determinado. Si lo desea puede solicitar la portabilidad, el acceso, la rectificaci\u00f3n, la supresi\u00f3n, la oposici\u00f3n, la limitaci\u00f3n y el no ser objeto de decisiones automatizadas mediante un correo electr\u00f3nico a la direcci\u00f3n <a href=\"mailto:administracion@institutoconcora.com\">administracion@institutoconcora.com<\/a>. Para obtener m\u00e1s informaci\u00f3n acerca de nuestra Pol\u00edtica de Privacidad, por favor dir\u00edjase al siguiente enlace <a href=\"https:\/\/www.institutoconcora.com\/politica-privacidad\/\" target=\"_blank\" rel=\"noopener\">Pol\u00edtica de Privacidad<\/a>.<\/p>\n<h6>5. INFORMACI\u00d3N SOBRE LA UTILIZACI\u00d3N DE COOKIES<\/h6>\n<p>En esta web se pueden utilizar cookies. La finalidad de dichas cookies es mejorar el servicio que ofrecen a sus clientes y a nuestros visitantes. Si desea saber m\u00e1s sobre el uso de las cookies por parte de INSTITUTO CONCORA, S.L. dir\u00edjase a nuestra <a href=\"https:\/\/www.institutoconcora.com\/politica-de-cookies\/\" target=\"_blank\" rel=\"noopener\">Pol\u00edtica de cookies<\/a>.<\/p>\n<h6>6. RENUNCIA Y LIMITACI\u00d3N DE LA RESPONSABILIDAD<\/h6>\n<p>INSTITUTO CONCORA, S.L informa que en todo momento implementa las medidas de seguridad oportunas a fin de presentar a los usuarios de la web informaciones y servicios adecuados, ciertos y actualizados; no obstante, se reserva el derecho de rectificaci\u00f3n sobre aquellos aspectos que, eventualmente y de forma fortuita, puedan sufrir incorrecciones, desactualizaciones o errores.<\/p>\n<h6>7. INDICACIONES SOBRE ASPECTOS T\u00c9CNICOS<\/h6>\n<p>INSTITUTO CONCORA, S.L declina cualquier responsabilidad en caso de que existan interrupciones o un mal funcionamiento de los servicios o contenidos ofrecidos en Internet, cualquiera que sea su causa. Asimismo, INSTITUTO CONCORA, S.L no se hace responsable por ca\u00eddas de la red, p\u00e9rdidas de informaci\u00f3n como consecuencia de dichas ca\u00eddas, suspensiones temporales del fluido el\u00e9ctrico o cualquier otro tipo de da\u00f1o indirecto que le pueda ser causado a los Usuarios por causas ajenas a INSTITUTO CONCORA, S.L<\/p>\n<p>INSTITUTO CONCORA, S.L no declara ni garantiza que los servicios o contenidos sean ininterrumpidos o que est\u00e9n libres de errores, que los defectos sean corregidos, o que el servicio o el servidor que lo pone a disposici\u00f3n est\u00e9n libres de virus u otros componentes nocivos, sin perjuicio de que INSTITUTO CONCORA, S.L. realiza sus mejores esfuerzos en evitar este tipo de incidentes. En caso de que el Usuario tomara determinadas decisiones o realizara acciones con base a la informaci\u00f3n incluida en cualquiera de los websites, se recomienda la comprobaci\u00f3n de la informaci\u00f3n recibida con otras fuentes.<\/p>\n<h6>8. PROPIEDAD INDUSTRIAL E INTELECTUAL<\/h6>\n<p>Los contenidos prestados por INSTITUTO CONCORA, S.L as\u00ed como los contenidos vertidos en la red a trav\u00e9s de sus p\u00e1ginas web, constituyen una obra en el sentido de la legislaci\u00f3n sobre propiedad intelectual por lo que se hallan protegidos por las leyes y convenios internacionales aplicables en la materia.<\/p>\n<p>Queda prohibida cualquier forma de reproducci\u00f3n, distribuci\u00f3n, comunicaci\u00f3n p\u00fablica, transformaci\u00f3n, puesta a disposici\u00f3n y, en general, cualquier otro acto de explotaci\u00f3n p\u00fablica referido tanto a las p\u00e1ginas web como a sus contenidos e informaci\u00f3n, sin el expreso y previo consentimiento y por escrito de INSTITUTO CONCORA, S.L.<\/p>\n<p>En consecuencia, todos los contenidos que se muestran en los diferentes websites y en especial, dise\u00f1os, textos, gr\u00e1ficos, logotipos, iconos, botones, software, nombres comerciales, marcas, dibujos industriales o cualesquiera otros signos susceptibles de utilizaci\u00f3n industrial y comercial est\u00e1n sujetos a derechos de propiedad intelectual e industrial de INSTITUTO CONCORA, S.L. o de terceros titulares de los mismos que han autorizado debidamente su inclusi\u00f3n en los diferentes websites.<\/p>\n<p>Los contenidos, im\u00e1genes, formas, opiniones, \u00edndices y dem\u00e1s expresiones formales que formen parte de las p\u00e1ginas web, as\u00ed como el software necesario para el funcionamiento y visualizaci\u00f3n de las mismas, constituyen asimismo una obra en el sentido del Derecho de Autor y quedan, por lo tanto, protegidas por las convenciones internacionales y legislaciones nacionales en materia de Propiedad intelectual que resulten aplicables. El incumplimiento de lo se\u00f1alado implica la comisi\u00f3n de graves actos il\u00edcitos y su sanci\u00f3n por la legislaci\u00f3n civil y penal.<\/p>\n<p>Queda prohibido todo acto por virtud del cual los Usuarios de los servicios o contenidos puedan explotar o servirse comercialmente, directa o indirectamente, en su totalidad o parcialmente, de cualquiera de los contenidos, im\u00e1genes, formas, \u00edndices y dem\u00e1s expresiones formales que formen parte de las p\u00e1ginas web sin permiso previo y por escrito de INSTITUTO CONCORA, S.L.<\/p>\n<p>En concreto, y sin car\u00e1cter exhaustivo, quedan prohibidos los actos de reproducci\u00f3n, distribuci\u00f3n, exhibici\u00f3n, transmisi\u00f3n, retransmisi\u00f3n, emisi\u00f3n en cualquier forma, almacenamiento en soportes f\u00edsicos o l\u00f3gicos (por ejemplo, USB o disco duro de ordenadores), digitalizaci\u00f3n o puesta a disposici\u00f3n desde bases de datos distintas de las pertenecientes a las autorizadas por INSTITUTO CONCORA, S.L. as\u00ed como su traducci\u00f3n, adaptaci\u00f3n, arreglo o cualquier otra transformaci\u00f3n de dichas opiniones, im\u00e1genes, formas, \u00edndices y dem\u00e1s expresiones formales que se pongan a disposici\u00f3n de los Usuarios a trav\u00e9s de los servicios o contenidos, en tanto tales actos est\u00e9n sometidos a la legislaci\u00f3n aplicable en materia de Propiedad intelectual, industrial o de protecci\u00f3n de la imagen.<\/p>\n<p>INSTITUTO CONCORA, S.L. es libre de limitar el acceso a las p\u00e1ginas web, y a los productos y\/o servicios en ella ofrecidos, as\u00ed como la consiguiente publicaci\u00f3n de las opiniones, observaciones, im\u00e1genes o comentarios que los Usuarios puedan hacerle llegar a trav\u00e9s del correo electr\u00f3nico.<\/p>\n<p>INSTITUTO CONCORA, S.L. en este sentido, podr\u00e1 establecer, si lo considera oportuno, sin perjuicio de la \u00fanica y exclusiva responsabilidad de los Usuarios, los filtros necesarios a fin de evitar que a trav\u00e9s de sus p\u00e1ginas web puedan verterse en la red contenidos u opiniones, considerados como racistas, xen\u00f3fobos, discriminatorios, pornogr\u00e1ficos, difamatorios o que, de cualquier modo, fomenten la violencia o la diseminaci\u00f3n de contenidos claramente il\u00edcitos o nocivos.<\/p>\n<p>Aquellos Usuarios que env\u00eden a las p\u00e1ginas web de INSTITUTO CONCORA, S.L. a su departamento de sugerencias, observaciones, opiniones o comentarios por medio del servicio de correo electr\u00f3nico, salvo que expresen de manera cierta e inconfundible lo contrario, en los casos en los que por la naturaleza de los servicios o contenidos ello sea posible, se entiende que autorizan a INSTITUTO CONCORA, S.L. para la reproducci\u00f3n, distribuci\u00f3n, exhibici\u00f3n, transmisi\u00f3n, retransmisi\u00f3n, emisi\u00f3n en cualquier formato, almacenamiento en soportes f\u00edsicos o l\u00f3gicos (por ejemplo, disquetes o disco duro de ordenadores), digitalizaci\u00f3n, puesta a disposici\u00f3n desde bases de datos pertenecientes a INSTITUTO CONCORA, S.L. traducci\u00f3n, adaptaci\u00f3n, arreglo o cualquier otra transformaci\u00f3n de tales observaciones, opiniones o comentarios, por todo el tiempo de protecci\u00f3n de derecho de autor que est\u00e9 previsto legalmente.<\/p>\n<p>Asimismo, se entiende que esta autorizaci\u00f3n se hace a t\u00edtulo gratuito, y que por el solo hecho de enviar por correo electr\u00f3nico tales observaciones, opiniones o comentarios, los Usuarios declinan cualquier pretensi\u00f3n remuneratoria por parte de INSTITUTO CONCORA, S.L.<\/p>\n<p>De acuerdo con lo se\u00f1alado en el p\u00e1rrafo anterior, INSTITUTO CONCORA, S.L. queda autorizada igualmente para proceder a la modificaci\u00f3n o alteraci\u00f3n de tales observaciones, opiniones o comentarios, a fin de adaptarlos a las necesidades de formato editorial de las p\u00e1ginas web, sin que por ello pueda entenderse que existe en absoluto cualquier tipo de lesi\u00f3n de cualesquiera de las facultades morales de derecho de autor que los Usuarios pudieran ostentar sobre aqu\u00e9llas.<\/p>\n<p>Quedan prohibidos cualesquiera de los recursos t\u00e9cnicos, l\u00f3gicos o tecnol\u00f3gicos por virtud de los cuales un tercero pueda beneficiarse, directa o indirectamente, con o sin lucro, de todos y cada uno de los contenidos, formas, \u00edndices y dem\u00e1s expresiones formales que formen parte de las p\u00e1ginas web, o del esfuerzo llevado a cabo por INSTITUTO CONCORA, S.L. para su funcionamiento.<\/p>\n<p>En concreto, queda prohibido todo enlace, frame o v\u00ednculo similar que pueda establecerse en direcci\u00f3n a las p\u00e1ginas web de INSTITUTO CONCORA, S.L. sin el consentimiento previo, expreso y por escrito de EL CLIENTE. Cualquier trasgresi\u00f3n de lo dispuesto en este punto ser\u00e1 considerada como lesi\u00f3n de los leg\u00edtimos derechos de Propiedad intelectual de INSTITUTO CONCORA, S.L. sobre las p\u00e1ginas web y todos los contenidos de las mismas.<\/p>\n<p>INSTITUTO CONCORA, S.L. no asumir\u00e1 responsabilidad alguna ante consecuencias derivadas de las conductas y actuaciones antes citadas, del mismo modo que no asumir\u00e1 responsabilidad alguna por los contenidos, servicios, productos, etc., de terceros a los que se pueda acceder directamente o a trav\u00e9s de banners, enlaces, links, hyperlinks, framing o v\u00ednculos similares desde los websites de INSTITUTO CONCORA, S.L.<\/p>\n<p>Quedan prohibidos cualesquiera de los recursos t\u00e9cnicos, l\u00f3gicos o tecnol\u00f3gicos por virtud de los cuales un tercero pueda beneficiarse, directa o indirectamente, con o sin lucro, de todos y cada uno de los contenidos, formas, \u00edndices y dem\u00e1s expresiones formales que formen parte de las p\u00e1ginas web, o del esfuerzo llevado a cabo por INSTITUTO CONCORA, S.L. para su funcionamiento.<\/p>\n<p>En concreto, queda prohibido todo link, hyperlink, framing o v\u00ednculo similar que pueda establecerse en direcci\u00f3n a las p\u00e1ginas web de INSTITUTO CONCORA, S.L. sin el consentimiento previo, expreso y por escrito de INSTITUTO CONCORA, S.L. Cualquier trasgresi\u00f3n de lo dispuesto en este punto ser\u00e1 considerada como lesi\u00f3n de los leg\u00edtimos derechos de Propiedad intelectual de EL CLIENTE sobre las p\u00e1ginas web y todos los contenidos de las mismas.<\/p>\n<p>INSTITUTO CONCORA, S.L. no asumir\u00e1 responsabilidad alguna ante consecuencias derivadas de las conductas y actuaciones antes citadas, del mismo modo que no asumir\u00e1 responsabilidad alguna por los contenidos, servicios, productos, etc., de terceros a los que se pueda acceder directamente o a trav\u00e9s de banners, enlaces, frames o v\u00ednculos similares desde los websites de INSTITUTO CONCORA, S.L.<\/p>\n","protected":false},"excerpt":{"rendered":"<p>INSTITUTO CONCORA, S.L., provista de CIF B-09808510, act\u00faa como titular, dinamizador y gestor de contenidos de la presente web. La entidad informa a los Usuarios que cumple con la vigente normativa de protecci\u00f3n de datos, y con car\u00e1cter especial, con el Reglamento (UE) 2016\/679 del Parlamento Europeo y del Consejo de 27 de abril de &hellip; <\/p>\n<p class=\"link-more\"><a href=\"https:\/\/www.institutoconcora.com\/ca\/aviso-legal\/\" class=\"more-link\">Continue reading<span class=\"screen-reader-text\"> &#8220;Av\u00eds Legal&#8221;<\/span><\/a><\/p>\n","protected":false},"author":1,"featured_media":0,"parent":0,"menu_order":16,"comment_status":"closed","ping_status":"closed","template":"","meta":{"footnotes":""},"class_list":["post-16","page","type-page","status-publish","hentry"],"acf":[],"yoast_head":"<!-- This site is optimized with the Yoast SEO plugin v26.4 - https:\/\/yoast.com\/wordpress\/plugins\/seo\/ -->\n<title>Av\u00eds Legal - Instituto Concora<\/title>\n<meta name=\"robots\" content=\"noindex, nofollow\" \/>\n<meta property=\"og:locale\" content=\"ca_ES\" \/>\n<meta property=\"og:type\" content=\"article\" \/>\n<meta property=\"og:title\" content=\"Av\u00eds Legal - Instituto Concora\" \/>\n<meta property=\"og:description\" content=\"INSTITUTO CONCORA, S.L., provista de CIF B-09808510, act\u00faa como titular, dinamizador y gestor de contenidos de la presente web. La entidad informa a los Usuarios que cumple con la vigente normativa de protecci\u00f3n de datos, y con car\u00e1cter especial, con el Reglamento (UE) 2016\/679 del Parlamento Europeo y del Consejo de 27 de abril de &hellip; Continue reading &quot;Av\u00eds Legal&quot;\" \/>\n<meta property=\"og:url\" content=\"https:\/\/www.institutoconcora.com\/ca\/aviso-legal\/\" \/>\n<meta property=\"og:site_name\" content=\"Instituto Concora\" \/>\n<meta property=\"article:modified_time\" content=\"2023-04-27T10:37:38+00:00\" \/>\n<meta name=\"twitter:card\" content=\"summary_large_image\" \/>\n<meta name=\"twitter:site\" content=\"@i_Concora\" \/>\n<meta name=\"twitter:label1\" content=\"Temps estimat de lectura\" \/>\n\t<meta name=\"twitter:data1\" content=\"11 minuts\" \/>\n<script type=\"application\/ld+json\" class=\"yoast-schema-graph\">{\"@context\":\"https:\/\/schema.org\",\"@graph\":[{\"@type\":\"WebPage\",\"@id\":\"https:\/\/www.institutoconcora.com\/ca\/aviso-legal\/\",\"url\":\"https:\/\/www.institutoconcora.com\/ca\/aviso-legal\/\",\"name\":\"Av\u00eds Legal - Instituto Concora\",\"isPartOf\":{\"@id\":\"https:\/\/www.institutoconcora.com\/ca\/#website\"},\"datePublished\":\"2022-11-07T16:41:13+00:00\",\"dateModified\":\"2023-04-27T10:37:38+00:00\",\"breadcrumb\":{\"@id\":\"https:\/\/www.institutoconcora.com\/ca\/aviso-legal\/#breadcrumb\"},\"inLanguage\":\"ca\",\"potentialAction\":[{\"@type\":\"ReadAction\",\"target\":[[\"https:\/\/www.institutoconcora.com\/ca\/aviso-legal\/\"]]}]},{\"@type\":\"BreadcrumbList\",\"@id\":\"https:\/\/www.institutoconcora.com\/ca\/aviso-legal\/#breadcrumb\",\"itemListElement\":[{\"@type\":\"ListItem\",\"position\":1,\"name\":\"Portada\",\"item\":\"https:\/\/www.institutoconcora.com\/ca\/\"},{\"@type\":\"ListItem\",\"position\":2,\"name\":\"Aviso Legal\"}]},{\"@type\":\"WebSite\",\"@id\":\"https:\/\/www.institutoconcora.com\/ca\/#website\",\"url\":\"https:\/\/www.institutoconcora.com\/ca\/\",\"name\":\"Instituto Concora\",\"description\":\"\",\"publisher\":{\"@id\":\"https:\/\/www.institutoconcora.com\/ca\/#organization\"},\"potentialAction\":[{\"@type\":\"SearchAction\",\"target\":{\"@type\":\"EntryPoint\",\"urlTemplate\":\"https:\/\/www.institutoconcora.com\/ca\/?s={search_term_string}\"},\"query-input\":{\"@type\":\"PropertyValueSpecification\",\"valueRequired\":true,\"valueName\":\"search_term_string\"}}],\"inLanguage\":\"ca\"},{\"@type\":\"Organization\",\"@id\":\"https:\/\/www.institutoconcora.com\/ca\/#organization\",\"name\":\"Instituto Concora\",\"url\":\"https:\/\/www.institutoconcora.com\/ca\/\",\"logo\":{\"@type\":\"ImageObject\",\"inLanguage\":\"ca\",\"@id\":\"https:\/\/www.institutoconcora.com\/ca\/#\/schema\/logo\/image\/\",\"url\":\"https:\/\/www.institutoconcora.com\/wp-content\/uploads\/2022\/12\/header-3.png\",\"contentUrl\":\"https:\/\/www.institutoconcora.com\/wp-content\/uploads\/2022\/12\/header-3.png\",\"width\":600,\"height\":128,\"caption\":\"Instituto Concora\"},\"image\":{\"@id\":\"https:\/\/www.institutoconcora.com\/ca\/#\/schema\/logo\/image\/\"},\"sameAs\":[\"https:\/\/x.com\/i_Concora\",\"https:\/\/www.linkedin.com\/in\/institutoconcora\/\",\"https:\/\/www.instagram.com\/institutoconcora\/\"]}]}<\/script>\n<!-- \/ Yoast SEO plugin. -->","yoast_head_json":{"title":"Av\u00eds Legal - Instituto Concora","robots":{"index":"noindex","follow":"nofollow"},"og_locale":"ca_ES","og_type":"article","og_title":"Av\u00eds Legal - Instituto Concora","og_description":"INSTITUTO CONCORA, S.L., provista de CIF B-09808510, act\u00faa como titular, dinamizador y gestor de contenidos de la presente web. La entidad informa a los Usuarios que cumple con la vigente normativa de protecci\u00f3n de datos, y con car\u00e1cter especial, con el Reglamento (UE) 2016\/679 del Parlamento Europeo y del Consejo de 27 de abril de &hellip; Continue reading \"Av\u00eds Legal\"","og_url":"https:\/\/www.institutoconcora.com\/ca\/aviso-legal\/","og_site_name":"Instituto Concora","article_modified_time":"2023-04-27T10:37:38+00:00","twitter_card":"summary_large_image","twitter_site":"@i_Concora","twitter_misc":{"Temps estimat de lectura":"11 minuts"},"schema":{"@context":"https:\/\/schema.org","@graph":[{"@type":"WebPage","@id":"https:\/\/www.institutoconcora.com\/ca\/aviso-legal\/","url":"https:\/\/www.institutoconcora.com\/ca\/aviso-legal\/","name":"Av\u00eds Legal - Instituto Concora","isPartOf":{"@id":"https:\/\/www.institutoconcora.com\/ca\/#website"},"datePublished":"2022-11-07T16:41:13+00:00","dateModified":"2023-04-27T10:37:38+00:00","breadcrumb":{"@id":"https:\/\/www.institutoconcora.com\/ca\/aviso-legal\/#breadcrumb"},"inLanguage":"ca","potentialAction":[{"@type":"ReadAction","target":[["https:\/\/www.institutoconcora.com\/ca\/aviso-legal\/"]]}]},{"@type":"BreadcrumbList","@id":"https:\/\/www.institutoconcora.com\/ca\/aviso-legal\/#breadcrumb","itemListElement":[{"@type":"ListItem","position":1,"name":"Portada","item":"https:\/\/www.institutoconcora.com\/ca\/"},{"@type":"ListItem","position":2,"name":"Aviso Legal"}]},{"@type":"WebSite","@id":"https:\/\/www.institutoconcora.com\/ca\/#website","url":"https:\/\/www.institutoconcora.com\/ca\/","name":"Instituto Concora","description":"","publisher":{"@id":"https:\/\/www.institutoconcora.com\/ca\/#organization"},"potentialAction":[{"@type":"SearchAction","target":{"@type":"EntryPoint","urlTemplate":"https:\/\/www.institutoconcora.com\/ca\/?s={search_term_string}"},"query-input":{"@type":"PropertyValueSpecification","valueRequired":true,"valueName":"search_term_string"}}],"inLanguage":"ca"},{"@type":"Organization","@id":"https:\/\/www.institutoconcora.com\/ca\/#organization","name":"Instituto Concora","url":"https:\/\/www.institutoconcora.com\/ca\/","logo":{"@type":"ImageObject","inLanguage":"ca","@id":"https:\/\/www.institutoconcora.com\/ca\/#\/schema\/logo\/image\/","url":"https:\/\/www.institutoconcora.com\/wp-content\/uploads\/2022\/12\/header-3.png","contentUrl":"https:\/\/www.institutoconcora.com\/wp-content\/uploads\/2022\/12\/header-3.png","width":600,"height":128,"caption":"Instituto Concora"},"image":{"@id":"https:\/\/www.institutoconcora.com\/ca\/#\/schema\/logo\/image\/"},"sameAs":["https:\/\/x.com\/i_Concora","https:\/\/www.linkedin.com\/in\/institutoconcora\/","https:\/\/www.instagram.com\/institutoconcora\/"]}]}},"_links":{"self":[{"href":"https:\/\/www.institutoconcora.com\/ca\/wp-json\/wp\/v2\/pages\/16","targetHints":{"allow":["GET"]}}],"collection":[{"href":"https:\/\/www.institutoconcora.com\/ca\/wp-json\/wp\/v2\/pages"}],"about":[{"href":"https:\/\/www.institutoconcora.com\/ca\/wp-json\/wp\/v2\/types\/page"}],"author":[{"embeddable":true,"href":"https:\/\/www.institutoconcora.com\/ca\/wp-json\/wp\/v2\/users\/1"}],"replies":[{"embeddable":true,"href":"https:\/\/www.institutoconcora.com\/ca\/wp-json\/wp\/v2\/comments?post=16"}],"version-history":[{"count":18,"href":"https:\/\/www.institutoconcora.com\/ca\/wp-json\/wp\/v2\/pages\/16\/revisions"}],"predecessor-version":[{"id":999,"href":"https:\/\/www.institutoconcora.com\/ca\/wp-json\/wp\/v2\/pages\/16\/revisions\/999"}],"wp:attachment":[{"href":"https:\/\/www.institutoconcora.com\/ca\/wp-json\/wp\/v2\/media?parent=16"}],"curies":[{"name":"wp","href":"https:\/\/api.w.org\/{rel}","templated":true}]}}