{"id":18,"date":"2022-11-07T16:41:21","date_gmt":"2022-11-07T16:41:21","guid":{"rendered":"https:\/\/www.institutoconcora.com\/web\/?page_id=18"},"modified":"2023-04-27T13:31:31","modified_gmt":"2023-04-27T12:31:31","slug":"contacta","status":"publish","type":"page","link":"https:\/\/www.institutoconcora.com\/ca\/contacta\/","title":{"rendered":"Contacta"},"content":{"rendered":"<p>\n<div class=\"wpcf7 no-js\" id=\"wpcf7-f1001-o2\" lang=\"ca\" dir=\"ltr\" data-wpcf7-id=\"1001\">\n<div class=\"screen-reader-response\"><p role=\"status\" aria-live=\"polite\" aria-atomic=\"true\"><\/p> <ul><\/ul><\/div>\n<form action=\"\/ca\/wp-json\/wp\/v2\/pages\/18#wpcf7-f1001-o2\" method=\"post\" class=\"wpcf7-form init\" aria-label=\"Formulari de contacte\" novalidate=\"novalidate\" data-status=\"init\">\n<fieldset class=\"hidden-fields-container\"><input type=\"hidden\" name=\"_wpcf7\" value=\"1001\" \/><input type=\"hidden\" name=\"_wpcf7_version\" value=\"6.1.3\" \/><input type=\"hidden\" name=\"_wpcf7_locale\" value=\"ca\" \/><input type=\"hidden\" name=\"_wpcf7_unit_tag\" value=\"wpcf7-f1001-o2\" \/><input type=\"hidden\" name=\"_wpcf7_container_post\" value=\"0\" \/><input type=\"hidden\" name=\"_wpcf7_posted_data_hash\" value=\"\" \/><input type=\"hidden\" name=\"_wpcf7_recaptcha_response\" value=\"\" \/>\n<\/fieldset>\n<h2 class=\"title-green\">Formulari de contacte\n<\/h2>\n<div class=\"grid-container-2-form\">\n\t<div>\n\t\t<p><label>Nom i cognom<\/label><span class=\"wpcf7-form-control-wrap\" data-name=\"your-name\"><input size=\"40\" maxlength=\"400\" class=\"wpcf7-form-control wpcf7-text wpcf7-validates-as-required\" aria-required=\"true\" aria-invalid=\"false\" value=\"\" type=\"text\" name=\"your-name\" \/><\/span><label>Tel\u00e8fon<\/label><span class=\"wpcf7-form-control-wrap\" data-name=\"your-phone\"><input size=\"40\" maxlength=\"400\" class=\"wpcf7-form-control wpcf7-text wpcf7-validates-as-required\" aria-required=\"true\" aria-invalid=\"false\" value=\"\" type=\"text\" name=\"your-phone\" \/><\/span><label>E-mail<\/label><span class=\"wpcf7-form-control-wrap\" data-name=\"your-email\"><input size=\"40\" maxlength=\"400\" class=\"wpcf7-form-control wpcf7-email wpcf7-validates-as-required wpcf7-text wpcf7-validates-as-email\" aria-required=\"true\" aria-invalid=\"false\" value=\"\" type=\"email\" name=\"your-email\" \/><\/span><label>Missatge<\/label><span class=\"wpcf7-form-control-wrap\" data-name=\"your-message\"><textarea cols=\"40\" rows=\"10\" maxlength=\"2000\" class=\"wpcf7-form-control wpcf7-textarea\" aria-invalid=\"false\" name=\"your-message\"><\/textarea><\/span>\n\t\t<\/p>\n\t<\/div>\n\t<div>\n\t\t<p><label>Professi\u00f3<\/label><span class=\"wpcf7-form-control-wrap\" data-name=\"menu-profesion\"><select class=\"wpcf7-form-control wpcf7-select\" aria-invalid=\"false\" name=\"menu-profesion\"><option value=\"\">&#8212;Trieu una opci\u00f3&#8212;<\/option><option value=\"Professional sanitari\">Professional sanitari<\/option><option value=\"Estudiant\">Estudiant<\/option><option value=\"Altre\">Altre<\/option><\/select><\/span><label>Vull m\u00e9s informaci\u00f3 sobre<\/label><span class=\"wpcf7-form-control-wrap\" data-name=\"menu-informacion\"><select class=\"wpcf7-form-control wpcf7-select\" aria-invalid=\"false\" name=\"menu-informacion\"><option value=\"\">&#8212;Trieu una opci\u00f3&#8212;<\/option><option value=\"Talleres profesionales\">Talleres profesionales<\/option><option value=\"Talleres estudiantes\">Talleres estudiantes<\/option><option value=\"Centros sanitarios y asistenciales\">Centros sanitarios y asistenciales<\/option><option value=\"Acompa\u00f1amiento personal\">Acompa\u00f1amiento personal<\/option><\/select><\/span><label>Us he conegut a trav\u00e9s de<\/label><span class=\"wpcf7-form-control-wrap\" data-name=\"menu-fuente\"><select class=\"wpcf7-form-control wpcf7-select\" aria-invalid=\"false\" name=\"menu-fuente\"><option value=\"\">&#8212;Trieu una opci\u00f3&#8212;<\/option><option value=\"Web Instituto Concora\">Web Instituto Concora<\/option><option value=\"Linkedin\">Linkedin<\/option><option value=\"Instagram\">Instagram<\/option><option value=\"Cerca a internet\">Cerca a internet<\/option><option value=\"Per recomanaci\u00f3\">Per recomanaci\u00f3<\/option><option value=\"A trav\u00e9s del meu hospital\">A trav\u00e9s del meu hospital<\/option><\/select><\/span><label>&nbsp;<\/label><span class=\"wpcf7-form-control-wrap\" data-name=\"acceptance-704\"><span class=\"wpcf7-form-control wpcf7-acceptance\"><span class=\"wpcf7-list-item\"><input type=\"checkbox\" name=\"acceptance-704\" value=\"1\" aria-invalid=\"false\" \/><\/span><\/span><\/span> He llegit i accepto la <a href=\"https:\/\/www.institutoconcora.com\/politica-privacidad\" target=\"_blank\" class=\"open-popup-link\">Pol\u00edtica de privacitat<\/a>\n\t\t<\/p>\n\t\t<p style=\"font-size:.875em\"> Institut Concora S.L. informa que les vostres dades seran tractades per a la resoluci\u00f3 de les vostres consultes. Podeu exercir els vostres drets de portabilitat, acc\u00e9s, rectificaci\u00f3, supressi\u00f3, oposici\u00f3, limitaci\u00f3 i no ser objecte de decisions automatitzades i obtenir m\u00e9s informaci\u00f3 consultant la nostra <a href=\"https:\/\/www.institutoconcora.com\/politica-privacidad\" target=\"_blank\" class=\"open-popup-link\"> Pol\u00edtica de privacitat<\/a>.\n\t\t<\/p>\n\t\t<p><input class=\"wpcf7-form-control wpcf7-submit has-spinner\" type=\"submit\" value=\"ENVIAR FORMULARI\" \/>\n\t\t<input class=\"wpcf7-form-control wpcf7-hidden\" value=\"Catal\u00e0\" type=\"hidden\" name=\"your-subject\" \/>\n\t\t<\/p>\n\t<\/div>\n<\/div><div class=\"wpcf7-response-output\" aria-hidden=\"true\"><\/div>\n<\/form>\n<\/div>\n<\/p>","protected":false},"excerpt":{"rendered":"","protected":false},"author":1,"featured_media":291,"parent":0,"menu_order":8,"comment_status":"closed","ping_status":"closed","template":"","meta":{"footnotes":""},"class_list":["post-18","page","type-page","status-publish","has-post-thumbnail","hentry"],"acf":[],"yoast_head":"<!-- This site is optimized with the Yoast SEO plugin v26.4 - https:\/\/yoast.com\/wordpress\/plugins\/seo\/ -->\n<title>Contacta - Instituto Concora<\/title>\n<meta name=\"robots\" content=\"index, follow, max-snippet:-1, max-image-preview:large, max-video-preview:-1\" \/>\n<link rel=\"canonical\" href=\"https:\/\/www.institutoconcora.com\/ca\/contacta\/\" \/>\n<meta property=\"og:locale\" content=\"ca_ES\" \/>\n<meta property=\"og:type\" content=\"article\" \/>\n<meta property=\"og:title\" content=\"Contacta - Instituto Concora\" \/>\n<meta property=\"og:url\" content=\"https:\/\/www.institutoconcora.com\/ca\/contacta\/\" \/>\n<meta property=\"og:site_name\" content=\"Instituto Concora\" \/>\n<meta property=\"article:modified_time\" content=\"2023-04-27T12:31:31+00:00\" \/>\n<meta property=\"og:image\" content=\"https:\/\/www.institutoconcora.com\/wp-content\/uploads\/2022\/12\/contacta-con-nosotros.jpg\" \/>\n\t<meta property=\"og:image:width\" content=\"1690\" \/>\n\t<meta property=\"og:image:height\" content=\"1209\" \/>\n\t<meta property=\"og:image:type\" content=\"image\/jpeg\" \/>\n<meta name=\"twitter:card\" content=\"summary_large_image\" \/>\n<meta name=\"twitter:site\" content=\"@i_Concora\" \/>\n<meta name=\"twitter:label1\" content=\"Temps estimat de lectura\" \/>\n\t<meta name=\"twitter:data1\" content=\"1 minut\" \/>\n<script type=\"application\/ld+json\" class=\"yoast-schema-graph\">{\"@context\":\"https:\/\/schema.org\",\"@graph\":[{\"@type\":\"WebPage\",\"@id\":\"https:\/\/www.institutoconcora.com\/ca\/contacta\/\",\"url\":\"https:\/\/www.institutoconcora.com\/ca\/contacta\/\",\"name\":\"Contacta - Instituto Concora\",\"isPartOf\":{\"@id\":\"https:\/\/www.institutoconcora.com\/ca\/#website\"},\"primaryImageOfPage\":{\"@id\":\"https:\/\/www.institutoconcora.com\/ca\/contacta\/#primaryimage\"},\"image\":{\"@id\":\"https:\/\/www.institutoconcora.com\/contacta\/#primaryimage\"},\"thumbnailUrl\":\"https:\/\/www.institutoconcora.com\/wp-content\/uploads\/2022\/12\/contacta-con-nosotros.jpg\",\"datePublished\":\"2022-11-07T16:41:21+00:00\",\"dateModified\":\"2023-04-27T12:31:31+00:00\",\"breadcrumb\":{\"@id\":\"https:\/\/www.institutoconcora.com\/ca\/contacta\/#breadcrumb\"},\"inLanguage\":\"ca\",\"potentialAction\":[{\"@type\":\"ReadAction\",\"target\":[[\"https:\/\/www.institutoconcora.com\/ca\/contacta\/\"]]}]},{\"@type\":\"ImageObject\",\"inLanguage\":\"ca\",\"@id\":\"https:\/\/www.institutoconcora.com\/ca\/contacta\/#primaryimage\",\"url\":\"https:\/\/www.institutoconcora.com\/wp-content\/uploads\/2022\/12\/contacta-con-nosotros.jpg\",\"contentUrl\":\"https:\/\/www.institutoconcora.com\/wp-content\/uploads\/2022\/12\/contacta-con-nosotros.jpg\",\"width\":1690,\"height\":1209},{\"@type\":\"BreadcrumbList\",\"@id\":\"https:\/\/www.institutoconcora.com\/ca\/contacta\/#breadcrumb\",\"itemListElement\":[{\"@type\":\"ListItem\",\"position\":1,\"name\":\"Portada\",\"item\":\"https:\/\/www.institutoconcora.com\/ca\/\"},{\"@type\":\"ListItem\",\"position\":2,\"name\":\"Contacta\"}]},{\"@type\":\"WebSite\",\"@id\":\"https:\/\/www.institutoconcora.com\/ca\/#website\",\"url\":\"https:\/\/www.institutoconcora.com\/ca\/\",\"name\":\"Instituto Concora\",\"description\":\"\",\"publisher\":{\"@id\":\"https:\/\/www.institutoconcora.com\/ca\/#organization\"},\"potentialAction\":[{\"@type\":\"SearchAction\",\"target\":{\"@type\":\"EntryPoint\",\"urlTemplate\":\"https:\/\/www.institutoconcora.com\/ca\/?s={search_term_string}\"},\"query-input\":{\"@type\":\"PropertyValueSpecification\",\"valueRequired\":true,\"valueName\":\"search_term_string\"}}],\"inLanguage\":\"ca\"},{\"@type\":\"Organization\",\"@id\":\"https:\/\/www.institutoconcora.com\/ca\/#organization\",\"name\":\"Instituto Concora\",\"url\":\"https:\/\/www.institutoconcora.com\/ca\/\",\"logo\":{\"@type\":\"ImageObject\",\"inLanguage\":\"ca\",\"@id\":\"https:\/\/www.institutoconcora.com\/ca\/#\/schema\/logo\/image\/\",\"url\":\"https:\/\/www.institutoconcora.com\/wp-content\/uploads\/2022\/12\/header-3.png\",\"contentUrl\":\"https:\/\/www.institutoconcora.com\/wp-content\/uploads\/2022\/12\/header-3.png\",\"width\":600,\"height\":128,\"caption\":\"Instituto Concora\"},\"image\":{\"@id\":\"https:\/\/www.institutoconcora.com\/ca\/#\/schema\/logo\/image\/\"},\"sameAs\":[\"https:\/\/x.com\/i_Concora\",\"https:\/\/www.linkedin.com\/in\/institutoconcora\/\",\"https:\/\/www.instagram.com\/institutoconcora\/\"]}]}<\/script>\n<!-- \/ Yoast SEO plugin. -->","yoast_head_json":{"title":"Contacta - Instituto Concora","robots":{"index":"index","follow":"follow","max-snippet":"max-snippet:-1","max-image-preview":"max-image-preview:large","max-video-preview":"max-video-preview:-1"},"canonical":"https:\/\/www.institutoconcora.com\/ca\/contacta\/","og_locale":"ca_ES","og_type":"article","og_title":"Contacta - Instituto Concora","og_url":"https:\/\/www.institutoconcora.com\/ca\/contacta\/","og_site_name":"Instituto Concora","article_modified_time":"2023-04-27T12:31:31+00:00","og_image":[{"width":1690,"height":1209,"url":"https:\/\/www.institutoconcora.com\/wp-content\/uploads\/2022\/12\/contacta-con-nosotros.jpg","type":"image\/jpeg"}],"twitter_card":"summary_large_image","twitter_site":"@i_Concora","twitter_misc":{"Temps estimat de lectura":"1 minut"},"schema":{"@context":"https:\/\/schema.org","@graph":[{"@type":"WebPage","@id":"https:\/\/www.institutoconcora.com\/ca\/contacta\/","url":"https:\/\/www.institutoconcora.com\/ca\/contacta\/","name":"Contacta - Instituto Concora","isPartOf":{"@id":"https:\/\/www.institutoconcora.com\/ca\/#website"},"primaryImageOfPage":{"@id":"https:\/\/www.institutoconcora.com\/ca\/contacta\/#primaryimage"},"image":{"@id":"https:\/\/www.institutoconcora.com\/contacta\/#primaryimage"},"thumbnailUrl":"https:\/\/www.institutoconcora.com\/wp-content\/uploads\/2022\/12\/contacta-con-nosotros.jpg","datePublished":"2022-11-07T16:41:21+00:00","dateModified":"2023-04-27T12:31:31+00:00","breadcrumb":{"@id":"https:\/\/www.institutoconcora.com\/ca\/contacta\/#breadcrumb"},"inLanguage":"ca","potentialAction":[{"@type":"ReadAction","target":[["https:\/\/www.institutoconcora.com\/ca\/contacta\/"]]}]},{"@type":"ImageObject","inLanguage":"ca","@id":"https:\/\/www.institutoconcora.com\/ca\/contacta\/#primaryimage","url":"https:\/\/www.institutoconcora.com\/wp-content\/uploads\/2022\/12\/contacta-con-nosotros.jpg","contentUrl":"https:\/\/www.institutoconcora.com\/wp-content\/uploads\/2022\/12\/contacta-con-nosotros.jpg","width":1690,"height":1209},{"@type":"BreadcrumbList","@id":"https:\/\/www.institutoconcora.com\/ca\/contacta\/#breadcrumb","itemListElement":[{"@type":"ListItem","position":1,"name":"Portada","item":"https:\/\/www.institutoconcora.com\/ca\/"},{"@type":"ListItem","position":2,"name":"Contacta"}]},{"@type":"WebSite","@id":"https:\/\/www.institutoconcora.com\/ca\/#website","url":"https:\/\/www.institutoconcora.com\/ca\/","name":"Instituto Concora","description":"","publisher":{"@id":"https:\/\/www.institutoconcora.com\/ca\/#organization"},"potentialAction":[{"@type":"SearchAction","target":{"@type":"EntryPoint","urlTemplate":"https:\/\/www.institutoconcora.com\/ca\/?s={search_term_string}"},"query-input":{"@type":"PropertyValueSpecification","valueRequired":true,"valueName":"search_term_string"}}],"inLanguage":"ca"},{"@type":"Organization","@id":"https:\/\/www.institutoconcora.com\/ca\/#organization","name":"Instituto Concora","url":"https:\/\/www.institutoconcora.com\/ca\/","logo":{"@type":"ImageObject","inLanguage":"ca","@id":"https:\/\/www.institutoconcora.com\/ca\/#\/schema\/logo\/image\/","url":"https:\/\/www.institutoconcora.com\/wp-content\/uploads\/2022\/12\/header-3.png","contentUrl":"https:\/\/www.institutoconcora.com\/wp-content\/uploads\/2022\/12\/header-3.png","width":600,"height":128,"caption":"Instituto Concora"},"image":{"@id":"https:\/\/www.institutoconcora.com\/ca\/#\/schema\/logo\/image\/"},"sameAs":["https:\/\/x.com\/i_Concora","https:\/\/www.linkedin.com\/in\/institutoconcora\/","https:\/\/www.instagram.com\/institutoconcora\/"]}]}},"_links":{"self":[{"href":"https:\/\/www.institutoconcora.com\/ca\/wp-json\/wp\/v2\/pages\/18","targetHints":{"allow":["GET"]}}],"collection":[{"href":"https:\/\/www.institutoconcora.com\/ca\/wp-json\/wp\/v2\/pages"}],"about":[{"href":"https:\/\/www.institutoconcora.com\/ca\/wp-json\/wp\/v2\/types\/page"}],"author":[{"embeddable":true,"href":"https:\/\/www.institutoconcora.com\/ca\/wp-json\/wp\/v2\/users\/1"}],"replies":[{"embeddable":true,"href":"https:\/\/www.institutoconcora.com\/ca\/wp-json\/wp\/v2\/comments?post=18"}],"version-history":[{"count":8,"href":"https:\/\/www.institutoconcora.com\/ca\/wp-json\/wp\/v2\/pages\/18\/revisions"}],"predecessor-version":[{"id":1005,"href":"https:\/\/www.institutoconcora.com\/ca\/wp-json\/wp\/v2\/pages\/18\/revisions\/1005"}],"wp:featuredmedia":[{"embeddable":true,"href":"https:\/\/www.institutoconcora.com\/ca\/wp-json\/wp\/v2\/media\/291"}],"wp:attachment":[{"href":"https:\/\/www.institutoconcora.com\/ca\/wp-json\/wp\/v2\/media?parent=18"}],"curies":[{"name":"wp","href":"https:\/\/api.w.org\/{rel}","templated":true}]}}