{"id":37,"date":"2022-11-07T17:39:38","date_gmt":"2022-11-07T17:39:38","guid":{"rendered":"https:\/\/www.institutoconcora.com\/web\/?page_id=37"},"modified":"2023-10-09T19:37:05","modified_gmt":"2023-10-09T18:37:05","slug":"inicio","status":"publish","type":"page","link":"https:\/\/www.institutoconcora.com\/ca\/","title":{"rendered":"Inici"},"content":{"rendered":"<p>A l&#8217;Institut Concora ens ocupem del benestar dels professionals de la salut des d&#8217;una perspectiva global. Incorporem la mirada cap al pacient per entendre la complexitat d&#8217;emmalaltir i alhora la necessitat d&#8217;autogesti\u00f3 emocional dels professionals.<\/p>\n<p>La intel\u00b7lig\u00e8ncia emocional i l&#8217;habilitat emp\u00e0tica s\u00f3n la base de la trobada amb el pacient i la base del benestar amb un mateix. Sense elles no podem oferir una qualitat assistencial \u00f2ptima, ja que per cuidar i acompanyar alg\u00fa altre pr\u00e8viament necessitem contactar amb el nostre benestar i activar eines que ho facin possible.<\/p>\n<p>L&#8217;autoconsci\u00e8ncia, l&#8217;automonitoratge, l&#8217;autoregulaci\u00f3 i l&#8217;autogesti\u00f3 s\u00f3n necessaris per aconseguir una relaci\u00f3 emp\u00e0tica, que promogui l&#8217;escolta activa i enforteixi l&#8217;enlla\u00e7 terap\u00e8utic amb el pacient.<\/p>\n<p>Coneix els nostres programes i tallers formatius i aconsegueix una visi\u00f3 global de la salut i de la qualitat de vida humana.<\/p>","protected":false},"excerpt":{"rendered":"<p>A l&#8217;Institut Concora ens ocupem del benestar dels professionals de la salut des d&#8217;una perspectiva global. Incorporem la mirada cap al pacient per entendre la complexitat d&#8217;emmalaltir i alhora la necessitat d&#8217;autogesti\u00f3 emocional dels professionals. La intel\u00b7lig\u00e8ncia emocional i l&#8217;habilitat emp\u00e0tica s\u00f3n la base de la trobada amb el pacient i la base del benestar &hellip; <\/p>\n<p class=\"link-more\"><a href=\"https:\/\/www.institutoconcora.com\/ca\/\" class=\"more-link\">Continue reading<span class=\"screen-reader-text\"> &#8220;Inici&#8221;<\/span><\/a><\/p>\n","protected":false},"author":1,"featured_media":75,"parent":0,"menu_order":0,"comment_status":"closed","ping_status":"closed","template":"","meta":{"footnotes":""},"class_list":["post-37","page","type-page","status-publish","has-post-thumbnail","hentry"],"acf":[],"yoast_head":"<!-- This site is optimized with the Yoast SEO plugin v26.4 - https:\/\/yoast.com\/wordpress\/plugins\/seo\/ -->\n<title>Inici - Instituto Concora<\/title>\n<meta name=\"robots\" content=\"index, follow, max-snippet:-1, max-image-preview:large, max-video-preview:-1\" \/>\n<link rel=\"canonical\" href=\"https:\/\/www.institutoconcora.com\/ca\/\" \/>\n<meta property=\"og:locale\" content=\"ca_ES\" \/>\n<meta property=\"og:type\" content=\"article\" \/>\n<meta property=\"og:title\" content=\"Inici - Instituto Concora\" \/>\n<meta property=\"og:description\" content=\"A l&#8217;Institut Concora ens ocupem del benestar dels professionals de la salut des d&#8217;una perspectiva global. Incorporem la mirada cap al pacient per entendre la complexitat d&#8217;emmalaltir i alhora la necessitat d&#8217;autogesti\u00f3 emocional dels professionals. La intel\u00b7lig\u00e8ncia emocional i l&#8217;habilitat emp\u00e0tica s\u00f3n la base de la trobada amb el pacient i la base del benestar &hellip; Continue reading &quot;Inici&quot;\" \/>\n<meta property=\"og:url\" content=\"https:\/\/www.institutoconcora.com\/ca\/\" \/>\n<meta property=\"og:site_name\" content=\"Instituto Concora\" \/>\n<meta property=\"article:modified_time\" content=\"2023-10-09T18:37:05+00:00\" \/>\n<meta property=\"og:image\" content=\"https:\/\/www.institutoconcora.com\/wp-content\/uploads\/2022\/11\/happy.jpg\" \/>\n\t<meta property=\"og:image:width\" content=\"593\" \/>\n\t<meta property=\"og:image:height\" content=\"593\" \/>\n\t<meta property=\"og:image:type\" content=\"image\/jpeg\" \/>\n<meta name=\"twitter:card\" content=\"summary_large_image\" \/>\n<meta name=\"twitter:site\" content=\"@i_Concora\" \/>\n<meta name=\"twitter:label1\" content=\"Temps estimat de lectura\" \/>\n\t<meta name=\"twitter:data1\" content=\"1 minut\" \/>\n<script type=\"application\/ld+json\" class=\"yoast-schema-graph\">{\"@context\":\"https:\/\/schema.org\",\"@graph\":[{\"@type\":\"WebPage\",\"@id\":\"https:\/\/www.institutoconcora.com\/ca\/\",\"url\":\"https:\/\/www.institutoconcora.com\/ca\/\",\"name\":\"Inici - Instituto Concora\",\"isPartOf\":{\"@id\":\"https:\/\/www.institutoconcora.com\/ca\/#website\"},\"primaryImageOfPage\":{\"@id\":\"https:\/\/www.institutoconcora.com\/ca\/#primaryimage\"},\"image\":{\"@id\":\"https:\/\/www.institutoconcora.com\/#primaryimage\"},\"thumbnailUrl\":\"https:\/\/www.institutoconcora.com\/wp-content\/uploads\/2022\/11\/happy.jpg\",\"datePublished\":\"2022-11-07T17:39:38+00:00\",\"dateModified\":\"2023-10-09T18:37:05+00:00\",\"breadcrumb\":{\"@id\":\"https:\/\/www.institutoconcora.com\/ca\/#breadcrumb\"},\"inLanguage\":\"ca\",\"potentialAction\":[{\"@type\":\"ReadAction\",\"target\":[[\"https:\/\/www.institutoconcora.com\/ca\/\"]]}]},{\"@type\":\"ImageObject\",\"inLanguage\":\"ca\",\"@id\":\"https:\/\/www.institutoconcora.com\/ca\/#primaryimage\",\"url\":\"https:\/\/www.institutoconcora.com\/wp-content\/uploads\/2022\/11\/happy.jpg\",\"contentUrl\":\"https:\/\/www.institutoconcora.com\/wp-content\/uploads\/2022\/11\/happy.jpg\",\"width\":593,\"height\":593},{\"@type\":\"BreadcrumbList\",\"@id\":\"https:\/\/www.institutoconcora.com\/ca\/#breadcrumb\",\"itemListElement\":[{\"@type\":\"ListItem\",\"position\":1,\"name\":\"Portada\",\"item\":\"https:\/\/www.institutoconcora.com\/ca\/\"},{\"@type\":\"ListItem\",\"position\":2,\"name\":\"Inicio\"}]},{\"@type\":\"WebSite\",\"@id\":\"https:\/\/www.institutoconcora.com\/ca\/#website\",\"url\":\"https:\/\/www.institutoconcora.com\/ca\/\",\"name\":\"Instituto Concora\",\"description\":\"\",\"publisher\":{\"@id\":\"https:\/\/www.institutoconcora.com\/ca\/#organization\"},\"potentialAction\":[{\"@type\":\"SearchAction\",\"target\":{\"@type\":\"EntryPoint\",\"urlTemplate\":\"https:\/\/www.institutoconcora.com\/ca\/?s={search_term_string}\"},\"query-input\":{\"@type\":\"PropertyValueSpecification\",\"valueRequired\":true,\"valueName\":\"search_term_string\"}}],\"inLanguage\":\"ca\"},{\"@type\":\"Organization\",\"@id\":\"https:\/\/www.institutoconcora.com\/ca\/#organization\",\"name\":\"Instituto Concora\",\"url\":\"https:\/\/www.institutoconcora.com\/ca\/\",\"logo\":{\"@type\":\"ImageObject\",\"inLanguage\":\"ca\",\"@id\":\"https:\/\/www.institutoconcora.com\/ca\/#\/schema\/logo\/image\/\",\"url\":\"https:\/\/www.institutoconcora.com\/wp-content\/uploads\/2022\/12\/header-3.png\",\"contentUrl\":\"https:\/\/www.institutoconcora.com\/wp-content\/uploads\/2022\/12\/header-3.png\",\"width\":600,\"height\":128,\"caption\":\"Instituto Concora\"},\"image\":{\"@id\":\"https:\/\/www.institutoconcora.com\/ca\/#\/schema\/logo\/image\/\"},\"sameAs\":[\"https:\/\/x.com\/i_Concora\",\"https:\/\/www.linkedin.com\/in\/institutoconcora\/\",\"https:\/\/www.instagram.com\/institutoconcora\/\"]}]}<\/script>\n<!-- \/ Yoast SEO plugin. -->","yoast_head_json":{"title":"Inici - Instituto Concora","robots":{"index":"index","follow":"follow","max-snippet":"max-snippet:-1","max-image-preview":"max-image-preview:large","max-video-preview":"max-video-preview:-1"},"canonical":"https:\/\/www.institutoconcora.com\/ca\/","og_locale":"ca_ES","og_type":"article","og_title":"Inici - Instituto Concora","og_description":"A l&#8217;Institut Concora ens ocupem del benestar dels professionals de la salut des d&#8217;una perspectiva global. Incorporem la mirada cap al pacient per entendre la complexitat d&#8217;emmalaltir i alhora la necessitat d&#8217;autogesti\u00f3 emocional dels professionals. La intel\u00b7lig\u00e8ncia emocional i l&#8217;habilitat emp\u00e0tica s\u00f3n la base de la trobada amb el pacient i la base del benestar &hellip; Continue reading \"Inici\"","og_url":"https:\/\/www.institutoconcora.com\/ca\/","og_site_name":"Instituto Concora","article_modified_time":"2023-10-09T18:37:05+00:00","og_image":[{"width":593,"height":593,"url":"https:\/\/www.institutoconcora.com\/wp-content\/uploads\/2022\/11\/happy.jpg","type":"image\/jpeg"}],"twitter_card":"summary_large_image","twitter_site":"@i_Concora","twitter_misc":{"Temps estimat de lectura":"1 minut"},"schema":{"@context":"https:\/\/schema.org","@graph":[{"@type":"WebPage","@id":"https:\/\/www.institutoconcora.com\/ca\/","url":"https:\/\/www.institutoconcora.com\/ca\/","name":"Inici - Instituto Concora","isPartOf":{"@id":"https:\/\/www.institutoconcora.com\/ca\/#website"},"primaryImageOfPage":{"@id":"https:\/\/www.institutoconcora.com\/ca\/#primaryimage"},"image":{"@id":"https:\/\/www.institutoconcora.com\/#primaryimage"},"thumbnailUrl":"https:\/\/www.institutoconcora.com\/wp-content\/uploads\/2022\/11\/happy.jpg","datePublished":"2022-11-07T17:39:38+00:00","dateModified":"2023-10-09T18:37:05+00:00","breadcrumb":{"@id":"https:\/\/www.institutoconcora.com\/ca\/#breadcrumb"},"inLanguage":"ca","potentialAction":[{"@type":"ReadAction","target":[["https:\/\/www.institutoconcora.com\/ca\/"]]}]},{"@type":"ImageObject","inLanguage":"ca","@id":"https:\/\/www.institutoconcora.com\/ca\/#primaryimage","url":"https:\/\/www.institutoconcora.com\/wp-content\/uploads\/2022\/11\/happy.jpg","contentUrl":"https:\/\/www.institutoconcora.com\/wp-content\/uploads\/2022\/11\/happy.jpg","width":593,"height":593},{"@type":"BreadcrumbList","@id":"https:\/\/www.institutoconcora.com\/ca\/#breadcrumb","itemListElement":[{"@type":"ListItem","position":1,"name":"Portada","item":"https:\/\/www.institutoconcora.com\/ca\/"},{"@type":"ListItem","position":2,"name":"Inicio"}]},{"@type":"WebSite","@id":"https:\/\/www.institutoconcora.com\/ca\/#website","url":"https:\/\/www.institutoconcora.com\/ca\/","name":"Instituto Concora","description":"","publisher":{"@id":"https:\/\/www.institutoconcora.com\/ca\/#organization"},"potentialAction":[{"@type":"SearchAction","target":{"@type":"EntryPoint","urlTemplate":"https:\/\/www.institutoconcora.com\/ca\/?s={search_term_string}"},"query-input":{"@type":"PropertyValueSpecification","valueRequired":true,"valueName":"search_term_string"}}],"inLanguage":"ca"},{"@type":"Organization","@id":"https:\/\/www.institutoconcora.com\/ca\/#organization","name":"Instituto Concora","url":"https:\/\/www.institutoconcora.com\/ca\/","logo":{"@type":"ImageObject","inLanguage":"ca","@id":"https:\/\/www.institutoconcora.com\/ca\/#\/schema\/logo\/image\/","url":"https:\/\/www.institutoconcora.com\/wp-content\/uploads\/2022\/12\/header-3.png","contentUrl":"https:\/\/www.institutoconcora.com\/wp-content\/uploads\/2022\/12\/header-3.png","width":600,"height":128,"caption":"Instituto Concora"},"image":{"@id":"https:\/\/www.institutoconcora.com\/ca\/#\/schema\/logo\/image\/"},"sameAs":["https:\/\/x.com\/i_Concora","https:\/\/www.linkedin.com\/in\/institutoconcora\/","https:\/\/www.instagram.com\/institutoconcora\/"]}]}},"_links":{"self":[{"href":"https:\/\/www.institutoconcora.com\/ca\/wp-json\/wp\/v2\/pages\/37","targetHints":{"allow":["GET"]}}],"collection":[{"href":"https:\/\/www.institutoconcora.com\/ca\/wp-json\/wp\/v2\/pages"}],"about":[{"href":"https:\/\/www.institutoconcora.com\/ca\/wp-json\/wp\/v2\/types\/page"}],"author":[{"embeddable":true,"href":"https:\/\/www.institutoconcora.com\/ca\/wp-json\/wp\/v2\/users\/1"}],"replies":[{"embeddable":true,"href":"https:\/\/www.institutoconcora.com\/ca\/wp-json\/wp\/v2\/comments?post=37"}],"version-history":[{"count":25,"href":"https:\/\/www.institutoconcora.com\/ca\/wp-json\/wp\/v2\/pages\/37\/revisions"}],"predecessor-version":[{"id":1260,"href":"https:\/\/www.institutoconcora.com\/ca\/wp-json\/wp\/v2\/pages\/37\/revisions\/1260"}],"wp:featuredmedia":[{"embeddable":true,"href":"https:\/\/www.institutoconcora.com\/ca\/wp-json\/wp\/v2\/media\/75"}],"wp:attachment":[{"href":"https:\/\/www.institutoconcora.com\/ca\/wp-json\/wp\/v2\/media?parent=37"}],"curies":[{"name":"wp","href":"https:\/\/api.w.org\/{rel}","templated":true}]}}