{"id":7,"date":"2022-11-07T16:39:46","date_gmt":"2022-11-07T16:39:46","guid":{"rendered":"https:\/\/www.institutoconcora.com\/web\/?page_id=7"},"modified":"2023-10-04T17:26:22","modified_gmt":"2023-10-04T16:26:22","slug":"conocenos","status":"publish","type":"page","link":"https:\/\/www.institutoconcora.com\/ca\/conocenos\/","title":{"rendered":"Coneix-nos"},"content":{"rendered":"<p>Els professionals de la salut tenen tres factors de risc inherents a la seva professi\u00f3: <\/p>\n<p>Els factors de risc emocionals i psicol\u00f2gics derivats de la presa de decisions cl\u00edniques amb responsabilitats terap\u00e8utiques, d&#8217;estar en contacte amb el dolor i el patiment hum\u00e0, de la relaci\u00f3 amb els pacients i les seves necessitats, etc. <\/p>\n<p>Els factors de risc existencials derivats de l&#8217;acompanyament en processos cr\u00f2nics, l&#8217;impacte de diagn\u00f2stics no favorables, la mort dels pacients, etc. <\/p>\n<p>Els factors psicosocials derivats de l&#8217;estr\u00e8s burocr\u00e0tic dels treballs assistencials, de la gesti\u00f3 dels entorns familiars, de la comunicaci\u00f3 amb els pacients i la manca de temps, la dificultat de coordinaci\u00f3 d&#8217;equips multidisciplinaris, etc. <\/p>\n<p>Aquests tres factors de risc poden culminar en un burnout personal i la p\u00e8rdua de la vocaci\u00f3 sanit\u00e0ria.<\/p>","protected":false},"excerpt":{"rendered":"<p>Els professionals de la salut tenen tres factors de risc inherents a la seva professi\u00f3: Els factors de risc emocionals i psicol\u00f2gics derivats de la presa de decisions cl\u00edniques amb responsabilitats terap\u00e8utiques, d&#8217;estar en contacte amb el dolor i el patiment hum\u00e0, de la relaci\u00f3 amb els pacients i les seves necessitats, etc. Els factors &hellip; <\/p>\n<p class=\"link-more\"><a href=\"https:\/\/www.institutoconcora.com\/ca\/conocenos\/\" class=\"more-link\">Continue reading<span class=\"screen-reader-text\"> &#8220;Coneix-nos&#8221;<\/span><\/a><\/p>\n","protected":false},"author":1,"featured_media":104,"parent":0,"menu_order":1,"comment_status":"closed","ping_status":"closed","template":"","meta":{"footnotes":""},"class_list":["post-7","page","type-page","status-publish","has-post-thumbnail","hentry"],"acf":[],"yoast_head":"<!-- This site is optimized with the Yoast SEO plugin v26.4 - https:\/\/yoast.com\/wordpress\/plugins\/seo\/ -->\n<title>Coneix-nos - Instituto Concora<\/title>\n<meta name=\"robots\" content=\"index, follow, max-snippet:-1, max-image-preview:large, max-video-preview:-1\" \/>\n<link rel=\"canonical\" href=\"https:\/\/www.institutoconcora.com\/ca\/conocenos\/\" \/>\n<meta property=\"og:locale\" content=\"ca_ES\" \/>\n<meta property=\"og:type\" content=\"article\" \/>\n<meta property=\"og:title\" content=\"Coneix-nos - Instituto Concora\" \/>\n<meta property=\"og:description\" content=\"Els professionals de la salut tenen tres factors de risc inherents a la seva professi\u00f3: Els factors de risc emocionals i psicol\u00f2gics derivats de la presa de decisions cl\u00edniques amb responsabilitats terap\u00e8utiques, d&#8217;estar en contacte amb el dolor i el patiment hum\u00e0, de la relaci\u00f3 amb els pacients i les seves necessitats, etc. Els factors &hellip; Continue reading &quot;Coneix-nos&quot;\" \/>\n<meta property=\"og:url\" content=\"https:\/\/www.institutoconcora.com\/ca\/conocenos\/\" \/>\n<meta property=\"og:site_name\" content=\"Instituto Concora\" \/>\n<meta property=\"article:modified_time\" content=\"2023-10-04T16:26:22+00:00\" \/>\n<meta property=\"og:image\" content=\"https:\/\/www.institutoconcora.com\/wp-content\/uploads\/2022\/11\/conocenos.jpg\" \/>\n\t<meta property=\"og:image:width\" content=\"1569\" \/>\n\t<meta property=\"og:image:height\" content=\"1181\" \/>\n\t<meta property=\"og:image:type\" content=\"image\/jpeg\" \/>\n<meta name=\"twitter:card\" content=\"summary_large_image\" \/>\n<meta name=\"twitter:site\" content=\"@i_Concora\" \/>\n<meta name=\"twitter:label1\" content=\"Temps estimat de lectura\" \/>\n\t<meta name=\"twitter:data1\" content=\"1 minut\" \/>\n<script type=\"application\/ld+json\" class=\"yoast-schema-graph\">{\"@context\":\"https:\/\/schema.org\",\"@graph\":[{\"@type\":\"WebPage\",\"@id\":\"https:\/\/www.institutoconcora.com\/ca\/conocenos\/\",\"url\":\"https:\/\/www.institutoconcora.com\/ca\/conocenos\/\",\"name\":\"Coneix-nos - Instituto Concora\",\"isPartOf\":{\"@id\":\"https:\/\/www.institutoconcora.com\/ca\/#website\"},\"primaryImageOfPage\":{\"@id\":\"https:\/\/www.institutoconcora.com\/ca\/conocenos\/#primaryimage\"},\"image\":{\"@id\":\"https:\/\/www.institutoconcora.com\/conocenos\/#primaryimage\"},\"thumbnailUrl\":\"https:\/\/www.institutoconcora.com\/wp-content\/uploads\/2022\/11\/conocenos.jpg\",\"datePublished\":\"2022-11-07T16:39:46+00:00\",\"dateModified\":\"2023-10-04T16:26:22+00:00\",\"breadcrumb\":{\"@id\":\"https:\/\/www.institutoconcora.com\/ca\/conocenos\/#breadcrumb\"},\"inLanguage\":\"ca\",\"potentialAction\":[{\"@type\":\"ReadAction\",\"target\":[[\"https:\/\/www.institutoconcora.com\/ca\/conocenos\/\"]]}]},{\"@type\":\"ImageObject\",\"inLanguage\":\"ca\",\"@id\":\"https:\/\/www.institutoconcora.com\/ca\/conocenos\/#primaryimage\",\"url\":\"https:\/\/www.institutoconcora.com\/wp-content\/uploads\/2022\/11\/conocenos.jpg\",\"contentUrl\":\"https:\/\/www.institutoconcora.com\/wp-content\/uploads\/2022\/11\/conocenos.jpg\",\"width\":1569,\"height\":1181},{\"@type\":\"BreadcrumbList\",\"@id\":\"https:\/\/www.institutoconcora.com\/ca\/conocenos\/#breadcrumb\",\"itemListElement\":[{\"@type\":\"ListItem\",\"position\":1,\"name\":\"Portada\",\"item\":\"https:\/\/www.institutoconcora.com\/ca\/\"},{\"@type\":\"ListItem\",\"position\":2,\"name\":\"Con\u00f3cenos\"}]},{\"@type\":\"WebSite\",\"@id\":\"https:\/\/www.institutoconcora.com\/ca\/#website\",\"url\":\"https:\/\/www.institutoconcora.com\/ca\/\",\"name\":\"Instituto Concora\",\"description\":\"\",\"publisher\":{\"@id\":\"https:\/\/www.institutoconcora.com\/ca\/#organization\"},\"potentialAction\":[{\"@type\":\"SearchAction\",\"target\":{\"@type\":\"EntryPoint\",\"urlTemplate\":\"https:\/\/www.institutoconcora.com\/ca\/?s={search_term_string}\"},\"query-input\":{\"@type\":\"PropertyValueSpecification\",\"valueRequired\":true,\"valueName\":\"search_term_string\"}}],\"inLanguage\":\"ca\"},{\"@type\":\"Organization\",\"@id\":\"https:\/\/www.institutoconcora.com\/ca\/#organization\",\"name\":\"Instituto Concora\",\"url\":\"https:\/\/www.institutoconcora.com\/ca\/\",\"logo\":{\"@type\":\"ImageObject\",\"inLanguage\":\"ca\",\"@id\":\"https:\/\/www.institutoconcora.com\/ca\/#\/schema\/logo\/image\/\",\"url\":\"https:\/\/www.institutoconcora.com\/wp-content\/uploads\/2022\/12\/header-3.png\",\"contentUrl\":\"https:\/\/www.institutoconcora.com\/wp-content\/uploads\/2022\/12\/header-3.png\",\"width\":600,\"height\":128,\"caption\":\"Instituto Concora\"},\"image\":{\"@id\":\"https:\/\/www.institutoconcora.com\/ca\/#\/schema\/logo\/image\/\"},\"sameAs\":[\"https:\/\/x.com\/i_Concora\",\"https:\/\/www.linkedin.com\/in\/institutoconcora\/\",\"https:\/\/www.instagram.com\/institutoconcora\/\"]}]}<\/script>\n<!-- \/ Yoast SEO plugin. -->","yoast_head_json":{"title":"Coneix-nos - Instituto Concora","robots":{"index":"index","follow":"follow","max-snippet":"max-snippet:-1","max-image-preview":"max-image-preview:large","max-video-preview":"max-video-preview:-1"},"canonical":"https:\/\/www.institutoconcora.com\/ca\/conocenos\/","og_locale":"ca_ES","og_type":"article","og_title":"Coneix-nos - Instituto Concora","og_description":"Els professionals de la salut tenen tres factors de risc inherents a la seva professi\u00f3: Els factors de risc emocionals i psicol\u00f2gics derivats de la presa de decisions cl\u00edniques amb responsabilitats terap\u00e8utiques, d&#8217;estar en contacte amb el dolor i el patiment hum\u00e0, de la relaci\u00f3 amb els pacients i les seves necessitats, etc. Els factors &hellip; Continue reading \"Coneix-nos\"","og_url":"https:\/\/www.institutoconcora.com\/ca\/conocenos\/","og_site_name":"Instituto Concora","article_modified_time":"2023-10-04T16:26:22+00:00","og_image":[{"width":1569,"height":1181,"url":"https:\/\/www.institutoconcora.com\/wp-content\/uploads\/2022\/11\/conocenos.jpg","type":"image\/jpeg"}],"twitter_card":"summary_large_image","twitter_site":"@i_Concora","twitter_misc":{"Temps estimat de lectura":"1 minut"},"schema":{"@context":"https:\/\/schema.org","@graph":[{"@type":"WebPage","@id":"https:\/\/www.institutoconcora.com\/ca\/conocenos\/","url":"https:\/\/www.institutoconcora.com\/ca\/conocenos\/","name":"Coneix-nos - Instituto Concora","isPartOf":{"@id":"https:\/\/www.institutoconcora.com\/ca\/#website"},"primaryImageOfPage":{"@id":"https:\/\/www.institutoconcora.com\/ca\/conocenos\/#primaryimage"},"image":{"@id":"https:\/\/www.institutoconcora.com\/conocenos\/#primaryimage"},"thumbnailUrl":"https:\/\/www.institutoconcora.com\/wp-content\/uploads\/2022\/11\/conocenos.jpg","datePublished":"2022-11-07T16:39:46+00:00","dateModified":"2023-10-04T16:26:22+00:00","breadcrumb":{"@id":"https:\/\/www.institutoconcora.com\/ca\/conocenos\/#breadcrumb"},"inLanguage":"ca","potentialAction":[{"@type":"ReadAction","target":[["https:\/\/www.institutoconcora.com\/ca\/conocenos\/"]]}]},{"@type":"ImageObject","inLanguage":"ca","@id":"https:\/\/www.institutoconcora.com\/ca\/conocenos\/#primaryimage","url":"https:\/\/www.institutoconcora.com\/wp-content\/uploads\/2022\/11\/conocenos.jpg","contentUrl":"https:\/\/www.institutoconcora.com\/wp-content\/uploads\/2022\/11\/conocenos.jpg","width":1569,"height":1181},{"@type":"BreadcrumbList","@id":"https:\/\/www.institutoconcora.com\/ca\/conocenos\/#breadcrumb","itemListElement":[{"@type":"ListItem","position":1,"name":"Portada","item":"https:\/\/www.institutoconcora.com\/ca\/"},{"@type":"ListItem","position":2,"name":"Con\u00f3cenos"}]},{"@type":"WebSite","@id":"https:\/\/www.institutoconcora.com\/ca\/#website","url":"https:\/\/www.institutoconcora.com\/ca\/","name":"Instituto Concora","description":"","publisher":{"@id":"https:\/\/www.institutoconcora.com\/ca\/#organization"},"potentialAction":[{"@type":"SearchAction","target":{"@type":"EntryPoint","urlTemplate":"https:\/\/www.institutoconcora.com\/ca\/?s={search_term_string}"},"query-input":{"@type":"PropertyValueSpecification","valueRequired":true,"valueName":"search_term_string"}}],"inLanguage":"ca"},{"@type":"Organization","@id":"https:\/\/www.institutoconcora.com\/ca\/#organization","name":"Instituto Concora","url":"https:\/\/www.institutoconcora.com\/ca\/","logo":{"@type":"ImageObject","inLanguage":"ca","@id":"https:\/\/www.institutoconcora.com\/ca\/#\/schema\/logo\/image\/","url":"https:\/\/www.institutoconcora.com\/wp-content\/uploads\/2022\/12\/header-3.png","contentUrl":"https:\/\/www.institutoconcora.com\/wp-content\/uploads\/2022\/12\/header-3.png","width":600,"height":128,"caption":"Instituto Concora"},"image":{"@id":"https:\/\/www.institutoconcora.com\/ca\/#\/schema\/logo\/image\/"},"sameAs":["https:\/\/x.com\/i_Concora","https:\/\/www.linkedin.com\/in\/institutoconcora\/","https:\/\/www.instagram.com\/institutoconcora\/"]}]}},"_links":{"self":[{"href":"https:\/\/www.institutoconcora.com\/ca\/wp-json\/wp\/v2\/pages\/7","targetHints":{"allow":["GET"]}}],"collection":[{"href":"https:\/\/www.institutoconcora.com\/ca\/wp-json\/wp\/v2\/pages"}],"about":[{"href":"https:\/\/www.institutoconcora.com\/ca\/wp-json\/wp\/v2\/types\/page"}],"author":[{"embeddable":true,"href":"https:\/\/www.institutoconcora.com\/ca\/wp-json\/wp\/v2\/users\/1"}],"replies":[{"embeddable":true,"href":"https:\/\/www.institutoconcora.com\/ca\/wp-json\/wp\/v2\/comments?post=7"}],"version-history":[{"count":10,"href":"https:\/\/www.institutoconcora.com\/ca\/wp-json\/wp\/v2\/pages\/7\/revisions"}],"predecessor-version":[{"id":1188,"href":"https:\/\/www.institutoconcora.com\/ca\/wp-json\/wp\/v2\/pages\/7\/revisions\/1188"}],"wp:featuredmedia":[{"embeddable":true,"href":"https:\/\/www.institutoconcora.com\/ca\/wp-json\/wp\/v2\/media\/104"}],"wp:attachment":[{"href":"https:\/\/www.institutoconcora.com\/ca\/wp-json\/wp\/v2\/media?parent=7"}],"curies":[{"name":"wp","href":"https:\/\/api.w.org\/{rel}","templated":true}]}}